{"id":715,"date":"2025-04-30T11:00:03","date_gmt":"2025-04-30T09:00:03","guid":{"rendered":"http:\/\/www.experts-equins.org\/?post_type=product&#038;p=715"},"modified":"2025-04-30T11:04:12","modified_gmt":"2025-04-30T09:04:12","slug":"jean-philippe-reboul","status":"publish","type":"product","link":"http:\/\/www.experts-equins.org\/?product=jean-philippe-reboul","title":{"rendered":"Jean-Philippe REBOUL"},"content":{"rendered":"<p>Jean-Philippe REBOUL<\/p>\n<p>Nationalit\u00e9 Fran\u00e7aise<\/p>\n<p>Adresse Professionnelle :<\/p>\n<p>9 Chemin de la Brasserie<\/p>\n<p>50300 LE VAL SAINT PERE<\/p>\n<p>Tel : 06 99 20 83 02<\/p>\n<p>Mail : jphreboul@gmail.com<\/p>\n","protected":false},"excerpt":{"rendered":"<p><strong>Cour d&rsquo;appel :<\/strong> CAEN<\/p>\n<p>&nbsp;<\/p>\n<p><strong>Domaines de comp\u00e9tences\u00a0:<\/strong><\/p>\n<ul>\n<li>Courses de trot et valeur des trotteurs<\/li>\n<li>Organisation des comp\u00e9titions \u00e9questres<\/li>\n<li>Valeur des chevaux de sport et de loisir<\/li>\n<li>M\u00e9decine et chirurgie v\u00e9t\u00e9rinaires<\/li>\n<li><b>\u00c9<\/b>levage et reproduction \u00e9quine<\/li>\n<\/ul>\n<p>&nbsp;<\/p>\n<p><strong>Titres \u2013diplomes\u00a0:<\/strong><\/p>\n<ul>\n<li>Docteur V\u00e9t\u00e9rinaire ENVL 1979<\/li>\n<li>Dipl\u00f4me d\u2019Ecole en Droit et Expertises V\u00e9t\u00e9rinaires ENVT 2016<\/li>\n<li>Chef de Centre en Reproduction Equine 1992<\/li>\n<\/ul>\n<p>&nbsp;<\/p>\n<p><strong>Autres\u00a0:<\/strong><\/p>\n<ul>\n<li>Vice-Pr\u00e9sident puis Secr\u00e9taire de la soci\u00e9t\u00e9 des Courses Hippiques D\u2019AVRANCHES<\/li>\n<li>Membre de l\u2019AVEF<\/li>\n<\/ul>\n","protected":false},"featured_media":716,"comment_status":"closed","ping_status":"closed","template":"","meta":[],"product_cat":[43,42,97,25],"product_tag":[],"_links":{"self":[{"href":"http:\/\/www.experts-equins.org\/index.php?rest_route=\/wp\/v2\/product\/715"}],"collection":[{"href":"http:\/\/www.experts-equins.org\/index.php?rest_route=\/wp\/v2\/product"}],"about":[{"href":"http:\/\/www.experts-equins.org\/index.php?rest_route=\/wp\/v2\/types\/product"}],"replies":[{"embeddable":true,"href":"http:\/\/www.experts-equins.org\/index.php?rest_route=%2Fwp%2Fv2%2Fcomments&post=715"}],"version-history":[{"count":1,"href":"http:\/\/www.experts-equins.org\/index.php?rest_route=\/wp\/v2\/product\/715\/revisions"}],"predecessor-version":[{"id":717,"href":"http:\/\/www.experts-equins.org\/index.php?rest_route=\/wp\/v2\/product\/715\/revisions\/717"}],"wp:featuredmedia":[{"embeddable":true,"href":"http:\/\/www.experts-equins.org\/index.php?rest_route=\/wp\/v2\/media\/716"}],"wp:attachment":[{"href":"http:\/\/www.experts-equins.org\/index.php?rest_route=%2Fwp%2Fv2%2Fmedia&parent=715"}],"wp:term":[{"taxonomy":"product_cat","embeddable":true,"href":"http:\/\/www.experts-equins.org\/index.php?rest_route=%2Fwp%2Fv2%2Fproduct_cat&post=715"},{"taxonomy":"product_tag","embeddable":true,"href":"http:\/\/www.experts-equins.org\/index.php?rest_route=%2Fwp%2Fv2%2Fproduct_tag&post=715"}],"curies":[{"name":"wp","href":"https:\/\/api.w.org\/{rel}","templated":true}]}}