{"id":650,"date":"2020-10-16T14:37:19","date_gmt":"2020-10-16T12:37:19","guid":{"rendered":"http:\/\/www.experts-equins.org\/?post_type=product&#038;p=650"},"modified":"2024-03-13T10:51:14","modified_gmt":"2024-03-13T09:51:14","slug":"jean-michel-lang","status":"publish","type":"product","link":"http:\/\/www.experts-equins.org\/?product=jean-michel-lang","title":{"rendered":"Jean-Michel LANG"},"content":{"rendered":"<p>&nbsp;<\/p>\n<p>&nbsp;<\/p>\n<p><span style=\"font-weight: 400;\">Depuis: 2017<\/span><\/p>\n<p><span style=\"font-weight: 400;\">Nationalit\u00e9:\u00a0<\/span><span style=\"font-weight: 400;\">Fran\u00e7aise<\/span><\/p>\n<p><span style=\"font-weight: 400;\">Adresse: 18 RUE GRANDE<\/span><\/p>\n<p><span style=\"font-weight: 400;\">Code postal: 77760<\/span><\/p>\n<p><span style=\"font-weight: 400;\">Ville: GUERCHEVILLE<\/span><\/p>\n<p><span style=\"font-weight: 400;\">T\u00e9l\u00e9phone: 06 07 52 20 72<\/span><\/p>\n<p>&nbsp;<\/p>\n<p>&nbsp;<\/p>\n","protected":false},"excerpt":{"rendered":"<p><span style=\"font-weight: 400;\"><strong>Cour d&rsquo;appel<\/strong>: <\/span><span style=\"font-weight: 400;\">Paris<\/span><\/p>\n<p><span style=\"font-weight: 400;\"><strong>Domaines de comp\u00e9tences<\/strong><\/span><\/p>\n<ul>\n<li style=\"list-style-type: none;\">\n<ul>\n<li style=\"font-weight: 400;\">V\u00e9t\u00e9rinaire A14<\/li>\n<li style=\"font-weight: 400;\">M\u00e9decine et chirurgie v\u00e9t\u00e9rinaire<\/li>\n<\/ul>\n<\/li>\n<\/ul>\n<p>&nbsp;<\/p>\n<p><span style=\"font-weight: 400;\"><strong>Titres &#8211; diplomes<\/strong>:<\/span><\/p>\n<ul>\n<li>DV Expertises de justice<\/li>\n<li>DMV Lyon 86<\/li>\n<\/ul>\n","protected":false},"featured_media":660,"comment_status":"closed","ping_status":"closed","template":"","meta":[],"product_cat":[42,88],"product_tag":[],"_links":{"self":[{"href":"http:\/\/www.experts-equins.org\/index.php?rest_route=\/wp\/v2\/product\/650"}],"collection":[{"href":"http:\/\/www.experts-equins.org\/index.php?rest_route=\/wp\/v2\/product"}],"about":[{"href":"http:\/\/www.experts-equins.org\/index.php?rest_route=\/wp\/v2\/types\/product"}],"replies":[{"embeddable":true,"href":"http:\/\/www.experts-equins.org\/index.php?rest_route=%2Fwp%2Fv2%2Fcomments&post=650"}],"version-history":[{"count":2,"href":"http:\/\/www.experts-equins.org\/index.php?rest_route=\/wp\/v2\/product\/650\/revisions"}],"predecessor-version":[{"id":652,"href":"http:\/\/www.experts-equins.org\/index.php?rest_route=\/wp\/v2\/product\/650\/revisions\/652"}],"wp:featuredmedia":[{"embeddable":true,"href":"http:\/\/www.experts-equins.org\/index.php?rest_route=\/wp\/v2\/media\/660"}],"wp:attachment":[{"href":"http:\/\/www.experts-equins.org\/index.php?rest_route=%2Fwp%2Fv2%2Fmedia&parent=650"}],"wp:term":[{"taxonomy":"product_cat","embeddable":true,"href":"http:\/\/www.experts-equins.org\/index.php?rest_route=%2Fwp%2Fv2%2Fproduct_cat&post=650"},{"taxonomy":"product_tag","embeddable":true,"href":"http:\/\/www.experts-equins.org\/index.php?rest_route=%2Fwp%2Fv2%2Fproduct_tag&post=650"}],"curies":[{"name":"wp","href":"https:\/\/api.w.org\/{rel}","templated":true}]}}