{"id":51,"date":"2020-10-16T10:38:12","date_gmt":"2020-10-16T08:38:12","guid":{"rendered":"http:\/\/www.experts-equins.org\/?page_id=51"},"modified":"2020-11-10T09:56:41","modified_gmt":"2020-11-10T08:56:41","slug":"productions","status":"publish","type":"page","link":"http:\/\/www.experts-equins.org\/?page_id=51","title":{"rendered":"Productions"},"content":{"rendered":"\t\t<div data-elementor-type=\"wp-page\" data-elementor-id=\"51\" class=\"elementor elementor-51\">\n\t\t\t\t\t\t<div class=\"elementor-inner\">\n\t\t\t\t<div class=\"elementor-section-wrap\">\n\t\t\t\t\t\t\t\t\t<section class=\"elementor-section elementor-top-section elementor-element elementor-element-9d93013 elementor-section-boxed elementor-section-height-default elementor-section-height-default\" data-id=\"9d93013\" data-element_type=\"section\">\n\t\t\t\t\t\t<div class=\"elementor-container elementor-column-gap-default\">\n\t\t\t\t\t\t\t<div class=\"elementor-row\">\n\t\t\t\t\t<div class=\"elementor-column elementor-col-33 elementor-top-column elementor-element elementor-element-3062ebe\" data-id=\"3062ebe\" data-element_type=\"column\">\n\t\t\t<div class=\"elementor-column-wrap elementor-element-populated\">\n\t\t\t\t\t\t\t<div class=\"elementor-widget-wrap\">\n\t\t\t\t\t\t<div class=\"elementor-element elementor-element-6cfcb71 elementor-widget elementor-widget-heading\" data-id=\"6cfcb71\" data-element_type=\"widget\" data-widget_type=\"heading.default\">\n\t\t\t\t<div class=\"elementor-widget-container\">\n\t\t\t<h5 class=\"elementor-heading-title elementor-size-default\">La qualit\u00e9 dans l'expertise judiciaire \u00e9quine<\/h5>\t\t<\/div>\n\t\t\t\t<\/div>\n\t\t\t\t<div class=\"elementor-element elementor-element-5c63d46 elementor-widget-divider--view-line elementor-widget elementor-widget-divider\" data-id=\"5c63d46\" data-element_type=\"widget\" data-widget_type=\"divider.default\">\n\t\t\t\t<div class=\"elementor-widget-container\">\n\t\t\t\t\t<div class=\"elementor-divider\">\n\t\t\t<span class=\"elementor-divider-separator\">\n\t\t\t\t\t\t<\/span>\n\t\t<\/div>\n\t\t\t\t<\/div>\n\t\t\t\t<\/div>\n\t\t\t\t<div class=\"elementor-element elementor-element-d880fdf elementor-widget elementor-widget-toggle\" data-id=\"d880fdf\" data-element_type=\"widget\" data-widget_type=\"toggle.default\">\n\t\t\t\t<div class=\"elementor-widget-container\">\n\t\t\t\t\t<div class=\"elementor-toggle\" role=\"tablist\">\n\t\t\t\t\t\t\t<div class=\"elementor-toggle-item\">\n\t\t\t\t\t<div id=\"elementor-tab-title-2271\" class=\"elementor-tab-title\" data-tab=\"1\" role=\"tab\" aria-controls=\"elementor-tab-content-2271\" aria-expanded=\"false\">\n\t\t\t\t\t\t\t\t\t\t\t\t<span class=\"elementor-toggle-icon elementor-toggle-icon-left\" aria-hidden=\"true\">\n\t\t\t\t\t\t\t\t\t\t\t\t\t\t\t<span class=\"elementor-toggle-icon-closed\"><i class=\"fas fa-caret-right\"><\/i><\/span>\n\t\t\t\t\t\t\t\t<span class=\"elementor-toggle-icon-opened\"><i class=\"elementor-toggle-icon-opened fas fa-caret-up\"><\/i><\/span>\n\t\t\t\t\t\t\t\t\t\t\t\t\t<\/span>\n\t\t\t\t\t\t\t\t\t\t\t\t<a href=\"\" class=\"elementor-toggle-title\">Sommaire<\/a>\n\t\t\t\t\t<\/div>\n\n\t\t\t\t\t<div id=\"elementor-tab-content-2271\" class=\"elementor-tab-content elementor-clearfix\" data-tab=\"1\" role=\"tabpanel\" aria-labelledby=\"elementor-tab-title-2271\"><ul><li>Pr\u00e9ambule<\/li><li>la d\u00e9marche qualit\u00e9<br \/>g\u00e9n\u00e9ralit\u00e9s<br \/>les caract\u00e9ristiques de la qualit\u00e9 dans l&rsquo;expertise judiciaire<\/li><li>d\u00e9roulement de l&rsquo;expertise et qualit\u00e9<br \/>op\u00e9rations pr\u00e9liminaires<br \/>r\u00e9union d&rsquo;expertise<br \/>op\u00e9rations compl\u00e9mentaires<br \/>rapport d&rsquo;expertise<br \/>actes post-expertise<\/li><\/ul><\/div>\n\t\t\t\t<\/div>\n\t\t\t\t\t\t\t\t<\/div>\n\t\t\t\t<\/div>\n\t\t\t\t<\/div>\n\t\t\t\t\t\t<\/div>\n\t\t\t\t\t<\/div>\n\t\t<\/div>\n\t\t\t\t<div class=\"elementor-column elementor-col-33 elementor-top-column elementor-element elementor-element-b17ad43\" data-id=\"b17ad43\" data-element_type=\"column\">\n\t\t\t<div class=\"elementor-column-wrap elementor-element-populated\">\n\t\t\t\t\t\t\t<div class=\"elementor-widget-wrap\">\n\t\t\t\t\t\t<div class=\"elementor-element elementor-element-8b93c71 elementor-widget elementor-widget-heading\" data-id=\"8b93c71\" data-element_type=\"widget\" data-widget_type=\"heading.default\">\n\t\t\t\t<div class=\"elementor-widget-container\">\n\t\t\t<h6 class=\"elementor-heading-title elementor-size-default\">Les examens compl\u00e9mentaires<\/h6>\t\t<\/div>\n\t\t\t\t<\/div>\n\t\t\t\t<div class=\"elementor-element elementor-element-b28b0d4 elementor-widget-divider--view-line elementor-widget elementor-widget-divider\" data-id=\"b28b0d4\" data-element_type=\"widget\" data-widget_type=\"divider.default\">\n\t\t\t\t<div class=\"elementor-widget-container\">\n\t\t\t\t\t<div class=\"elementor-divider\">\n\t\t\t<span class=\"elementor-divider-separator\">\n\t\t\t\t\t\t<\/span>\n\t\t<\/div>\n\t\t\t\t<\/div>\n\t\t\t\t<\/div>\n\t\t\t\t<div class=\"elementor-element elementor-element-958b5e9 elementor-widget elementor-widget-toggle\" data-id=\"958b5e9\" data-element_type=\"widget\" data-widget_type=\"toggle.default\">\n\t\t\t\t<div class=\"elementor-widget-container\">\n\t\t\t\t\t<div class=\"elementor-toggle\" role=\"tablist\">\n\t\t\t\t\t\t\t<div class=\"elementor-toggle-item\">\n\t\t\t\t\t<div id=\"elementor-tab-title-1561\" class=\"elementor-tab-title\" data-tab=\"1\" role=\"tab\" aria-controls=\"elementor-tab-content-1561\" aria-expanded=\"false\">\n\t\t\t\t\t\t\t\t\t\t\t\t<span class=\"elementor-toggle-icon elementor-toggle-icon-left\" aria-hidden=\"true\">\n\t\t\t\t\t\t\t\t\t\t\t\t\t\t\t<span class=\"elementor-toggle-icon-closed\"><i class=\"fas fa-caret-right\"><\/i><\/span>\n\t\t\t\t\t\t\t\t<span class=\"elementor-toggle-icon-opened\"><i class=\"elementor-toggle-icon-opened fas fa-caret-up\"><\/i><\/span>\n\t\t\t\t\t\t\t\t\t\t\t\t\t<\/span>\n\t\t\t\t\t\t\t\t\t\t\t\t<a href=\"\" class=\"elementor-toggle-title\">Sommaire<\/a>\n\t\t\t\t\t<\/div>\n\n\t\t\t\t\t<div id=\"elementor-tab-content-1561\" class=\"elementor-tab-content elementor-clearfix\" data-tab=\"1\" role=\"tabpanel\" aria-labelledby=\"elementor-tab-title-1561\"><ul><li>Pr\u00e9ambule<\/li><li>Du recours aux examens compl\u00e9mentaires :<br \/>dans le domaine m\u00e9dical<br \/>pour l&rsquo;\u00e9valuation de l&rsquo;aptitude \u00e0 l&rsquo;usage<br \/>pour l&rsquo;estimation de la valeur<\/li><li>Conclusions<\/li><\/ul><\/div>\n\t\t\t\t<\/div>\n\t\t\t\t\t\t\t\t<\/div>\n\t\t\t\t<\/div>\n\t\t\t\t<\/div>\n\t\t\t\t\t\t<\/div>\n\t\t\t\t\t<\/div>\n\t\t<\/div>\n\t\t\t\t<div class=\"elementor-column elementor-col-33 elementor-top-column elementor-element elementor-element-150ca12\" data-id=\"150ca12\" data-element_type=\"column\">\n\t\t\t<div class=\"elementor-column-wrap elementor-element-populated\">\n\t\t\t\t\t\t\t<div class=\"elementor-widget-wrap\">\n\t\t\t\t\t\t<div class=\"elementor-element elementor-element-41d2abd elementor-widget elementor-widget-heading\" data-id=\"41d2abd\" data-element_type=\"widget\" data-widget_type=\"heading.default\">\n\t\t\t\t<div class=\"elementor-widget-container\">\n\t\t\t<h6 class=\"elementor-heading-title elementor-size-default\">L'\u00e9valuation des pr\u00e9judices<\/h6>\t\t<\/div>\n\t\t\t\t<\/div>\n\t\t\t\t<div class=\"elementor-element elementor-element-e578a62 elementor-widget-divider--view-line elementor-widget elementor-widget-divider\" data-id=\"e578a62\" data-element_type=\"widget\" data-widget_type=\"divider.default\">\n\t\t\t\t<div class=\"elementor-widget-container\">\n\t\t\t\t\t<div class=\"elementor-divider\">\n\t\t\t<span class=\"elementor-divider-separator\">\n\t\t\t\t\t\t<\/span>\n\t\t<\/div>\n\t\t\t\t<\/div>\n\t\t\t\t<\/div>\n\t\t\t\t<div class=\"elementor-element elementor-element-e3b9997 elementor-widget elementor-widget-toggle\" data-id=\"e3b9997\" data-element_type=\"widget\" data-widget_type=\"toggle.default\">\n\t\t\t\t<div class=\"elementor-widget-container\">\n\t\t\t\t\t<div class=\"elementor-toggle\" role=\"tablist\">\n\t\t\t\t\t\t\t<div class=\"elementor-toggle-item\">\n\t\t\t\t\t<div id=\"elementor-tab-title-2381\" class=\"elementor-tab-title\" data-tab=\"1\" role=\"tab\" aria-controls=\"elementor-tab-content-2381\" aria-expanded=\"false\">\n\t\t\t\t\t\t\t\t\t\t\t\t<span class=\"elementor-toggle-icon elementor-toggle-icon-left\" aria-hidden=\"true\">\n\t\t\t\t\t\t\t\t\t\t\t\t\t\t\t<span class=\"elementor-toggle-icon-closed\"><i class=\"fas fa-caret-right\"><\/i><\/span>\n\t\t\t\t\t\t\t\t<span class=\"elementor-toggle-icon-opened\"><i class=\"elementor-toggle-icon-opened fas fa-caret-up\"><\/i><\/span>\n\t\t\t\t\t\t\t\t\t\t\t\t\t<\/span>\n\t\t\t\t\t\t\t\t\t\t\t\t<a href=\"\" class=\"elementor-toggle-title\">Sommaire<\/a>\n\t\t\t\t\t<\/div>\n\n\t\t\t\t\t<div id=\"elementor-tab-content-2381\" class=\"elementor-tab-content elementor-clearfix\" data-tab=\"1\" role=\"tabpanel\" aria-labelledby=\"elementor-tab-title-2381\"><ul><li>Pr\u00e9ambule<\/li><\/ul><ul><li>G\u00e9n\u00e9ralit\u00e9s et limites :<br \/>\u00a0\u00a0\u00a0\u00a0 la comp\u00e9tence expertale<br \/>\u00a0\u00a0\u00a0\u00a0 les situations de redondances<br \/>\u00a0\u00a0\u00a0\u00a0 les \u00ab\u00a0exclusions\u00a0\u00bb \u00e0 la comp\u00e9tence expertale<\/li><\/ul><ul><li>Le pr\u00e9judice mat\u00e9riel direct :<br \/>\u00a0\u00a0\u00a0\u00a0 la valeur avant survenance des dommages<br \/>\u00a0\u00a0\u00a0\u00a0 la valeur r\u00e9siduelle<br \/>\u00a0\u00a0\u00a0\u00a0 cas particulier du poulain \u00e0 na\u00eetre ou nouveau-n\u00e9<\/li><\/ul><ul><li>Le pr\u00e9judice mat\u00e9riel indirect<\/li><\/ul><ul><li>Le pr\u00e9judice immat\u00e9riel :<br \/>\u00a0\u00a0\u00a0\u00a0 les pertes de chances : pertes de gains \/ pertes de primes<br \/>\u00a0\u00a0\u00a0\u00a0 les pertes d&rsquo;exploitation : l&rsquo;\u00e9talon \/ la poulini\u00e8re<br \/>\u00a0\u00a0\u00a0\u00a0 la perte de jouissance<\/li><\/ul><ul><li>Les sources de donn\u00e9es :<br \/>\u00a0\u00a0\u00a0\u00a0 serveurs officiels<br \/>\u00a0\u00a0\u00a0\u00a0 sites de ventes<br \/>\u00a0\u00a0\u00a0\u00a0 presse sp\u00e9cialis\u00e9e<br \/>\u00a0\u00a0\u00a0\u00a0 relations professionnelles<\/li><\/ul><\/div>\n\t\t\t\t<\/div>\n\t\t\t\t\t\t\t\t<\/div>\n\t\t\t\t<\/div>\n\t\t\t\t<\/div>\n\t\t\t\t\t\t<\/div>\n\t\t\t\t\t<\/div>\n\t\t<\/div>\n\t\t\t\t\t\t\t\t<\/div>\n\t\t\t\t\t<\/div>\n\t\t<\/section>\n\t\t\t\t<section class=\"elementor-section elementor-top-section elementor-element elementor-element-34ad735 elementor-section-boxed elementor-section-height-default elementor-section-height-default\" data-id=\"34ad735\" data-element_type=\"section\">\n\t\t\t\t\t\t<div class=\"elementor-container elementor-column-gap-default\">\n\t\t\t\t\t\t\t<div class=\"elementor-row\">\n\t\t\t\t\t<div class=\"elementor-column elementor-col-100 elementor-top-column elementor-element elementor-element-66a9fe8\" data-id=\"66a9fe8\" data-element_type=\"column\">\n\t\t\t<div class=\"elementor-column-wrap elementor-element-populated\">\n\t\t\t\t\t\t\t<div class=\"elementor-widget-wrap\">\n\t\t\t\t\t\t<div class=\"elementor-element elementor-element-2ff90cf elementor-align-center elementor-widget elementor-widget-button\" data-id=\"2ff90cf\" data-element_type=\"widget\" data-widget_type=\"button.default\">\n\t\t\t\t<div class=\"elementor-widget-container\">\n\t\t\t\t\t<div class=\"elementor-button-wrapper\">\n\t\t\t<a href=\"http:\/\/www.experts-equins.org\/?page_id=187\" class=\"elementor-button-link elementor-button elementor-size-sm\" role=\"button\">\n\t\t\t\t\t\t<span class=\"elementor-button-content-wrapper\">\n\t\t\t\t\t\t\t<span class=\"elementor-button-icon elementor-align-icon-left\">\n\t\t\t\t<i aria-hidden=\"true\" class=\"far fa-file\"><\/i>\t\t\t<\/span>\n\t\t\t\t\t\t<span class=\"elementor-button-text\">Demande de documents<\/span>\n\t\t<\/span>\n\t\t\t\t\t<\/a>\n\t\t<\/div>\n\t\t\t\t<\/div>\n\t\t\t\t<\/div>\n\t\t\t\t\t\t<\/div>\n\t\t\t\t\t<\/div>\n\t\t<\/div>\n\t\t\t\t\t\t\t\t<\/div>\n\t\t\t\t\t<\/div>\n\t\t<\/section>\n\t\t\t\t\t\t\t\t\t<\/div>\n\t\t\t<\/div>\n\t\t\t\t\t<\/div>\n\t\t","protected":false},"excerpt":{"rendered":"<p>La qualit\u00e9 dans l&rsquo;expertise judiciaire \u00e9quine Sommaire Pr\u00e9ambule la d\u00e9marche qualit\u00e9g\u00e9n\u00e9ralit\u00e9sles caract\u00e9ristiques de la qualit\u00e9 dans l&rsquo;expertise judiciaire d\u00e9roulement de l&rsquo;expertise et qualit\u00e9op\u00e9rations pr\u00e9liminairesr\u00e9union d&rsquo;expertiseop\u00e9rations compl\u00e9mentairesrapport d&rsquo;expertiseactes post-expertise Les examens compl\u00e9mentaires Sommaire Pr\u00e9ambule Du recours aux examens compl\u00e9mentaires :dans le domaine m\u00e9dicalpour l&rsquo;\u00e9valuation de l&rsquo;aptitude \u00e0 l&rsquo;usagepour l&rsquo;estimation de la valeur Conclusions L&rsquo;\u00e9valuation des pr\u00e9judices [&hellip;]<\/p>\n","protected":false},"author":1,"featured_media":0,"parent":0,"menu_order":0,"comment_status":"closed","ping_status":"closed","template":"elementor_header_footer","meta":[],"_links":{"self":[{"href":"http:\/\/www.experts-equins.org\/index.php?rest_route=\/wp\/v2\/pages\/51"}],"collection":[{"href":"http:\/\/www.experts-equins.org\/index.php?rest_route=\/wp\/v2\/pages"}],"about":[{"href":"http:\/\/www.experts-equins.org\/index.php?rest_route=\/wp\/v2\/types\/page"}],"author":[{"embeddable":true,"href":"http:\/\/www.experts-equins.org\/index.php?rest_route=\/wp\/v2\/users\/1"}],"replies":[{"embeddable":true,"href":"http:\/\/www.experts-equins.org\/index.php?rest_route=%2Fwp%2Fv2%2Fcomments&post=51"}],"version-history":[{"count":16,"href":"http:\/\/www.experts-equins.org\/index.php?rest_route=\/wp\/v2\/pages\/51\/revisions"}],"predecessor-version":[{"id":364,"href":"http:\/\/www.experts-equins.org\/index.php?rest_route=\/wp\/v2\/pages\/51\/revisions\/364"}],"wp:attachment":[{"href":"http:\/\/www.experts-equins.org\/index.php?rest_route=%2Fwp%2Fv2%2Fmedia&parent=51"}],"curies":[{"name":"wp","href":"https:\/\/api.w.org\/{rel}","templated":true}]}}