{"id":18,"date":"2020-10-16T10:22:20","date_gmt":"2020-10-16T08:22:20","guid":{"rendered":"http:\/\/www.experts-equins.org\/?page_id=18"},"modified":"2020-12-10T13:35:04","modified_gmt":"2020-12-10T12:35:04","slug":"accueil","status":"publish","type":"page","link":"http:\/\/www.experts-equins.org\/","title":{"rendered":"Accueil"},"content":{"rendered":"\t\t<div data-elementor-type=\"wp-page\" data-elementor-id=\"18\" class=\"elementor elementor-18\">\n\t\t\t\t\t\t<div class=\"elementor-inner\">\n\t\t\t\t<div class=\"elementor-section-wrap\">\n\t\t\t\t\t\t\t\t\t<section class=\"elementor-section elementor-top-section elementor-element elementor-element-55e721b3 elementor-section-height-min-height elementor-section-boxed elementor-section-height-default elementor-section-items-middle\" data-id=\"55e721b3\" data-element_type=\"section\">\n\t\t\t\t\t\t<div class=\"elementor-container elementor-column-gap-wide\">\n\t\t\t\t\t\t\t<div class=\"elementor-row\">\n\t\t\t\t\t<div class=\"elementor-column elementor-col-100 elementor-top-column elementor-element elementor-element-a36a54d\" data-id=\"a36a54d\" data-element_type=\"column\">\n\t\t\t<div class=\"elementor-column-wrap elementor-element-populated\">\n\t\t\t\t\t\t\t<div class=\"elementor-widget-wrap\">\n\t\t\t\t\t\t<div class=\"elementor-element elementor-element-46f2b658 elementor-widget elementor-widget-heading\" data-id=\"46f2b658\" data-element_type=\"widget\" data-widget_type=\"heading.default\">\n\t\t\t\t<div class=\"elementor-widget-container\">\n\t\t\t<h1 class=\"elementor-heading-title elementor-size-medium\">BIENVENUE SUR NOTRE SITE<\/h1>\t\t<\/div>\n\t\t\t\t<\/div>\n\t\t\t\t<div class=\"elementor-element elementor-element-5853031 elementor-widget-divider--view-line elementor-widget elementor-widget-divider\" data-id=\"5853031\" data-element_type=\"widget\" data-widget_type=\"divider.default\">\n\t\t\t\t<div class=\"elementor-widget-container\">\n\t\t\t\t\t<div class=\"elementor-divider\">\n\t\t\t<span class=\"elementor-divider-separator\">\n\t\t\t\t\t\t<\/span>\n\t\t<\/div>\n\t\t\t\t<\/div>\n\t\t\t\t<\/div>\n\t\t\t\t<div class=\"elementor-element elementor-element-46738010 elementor-widget elementor-widget-text-editor\" data-id=\"46738010\" data-element_type=\"widget\" data-widget_type=\"text-editor.default\">\n\t\t\t\t<div class=\"elementor-widget-container\">\n\t\t\t\t\t\t\t\t<div class=\"elementor-text-editor elementor-clearfix\">\n\t\t\t\t<p class=\"p1\"><b>Les caract\u00e9ristiques des fili\u00e8res animales sont tr\u00e8s sensiblement diff\u00e9rentes tant en ce qui concerne la biologie, la pathologie que la sociologie. Ainsi, on imagine mal que quiconque puisse suffisamment connaitre le domaine des animaux de compagnie, celui des animaux de rente ou bien encore celui des \u00e9quid\u00e9s pour \u00eatre v\u00e9ritablement expert dans l&rsquo;ensemble de ces domaines aussi divers. L&rsquo;\u00e9tendue des comp\u00e9tences est n\u00e9cessairement limit\u00e9e.<\/b><\/p>\n<p class=\"p1\"><b>La Compagnie Nationale des Experts \u00c9quins (CNEE), membre du Conseil National des Compagnies d&rsquo;Experts de Justice (CNCEJ), a d&rsquo;abord \u00e9t\u00e9 cr\u00e9\u00e9e pour mettre \u00e0 la disposition des magistrats, des avocats, des notaires et des particuliers une liste d&rsquo;experts judiciaires, v\u00e9t\u00e9rinaires ou non, disposant des qualifications suivantes :<\/b><\/p>\n\n<ul class=\"ul1\">\n \t<li class=\"li1\"><b>une sinc\u00e8re motivation au service de la Justice,<\/b><\/li>\n \t<li class=\"li1\"><b>une exp\u00e9rience av\u00e9r\u00e9e dans ou plusieurs des secteurs de la fili\u00e8re \u00e9quine,<\/b><\/li>\n \t<li class=\"li1\"><b>une connaissance reconnue des proc\u00e9dures expertales ou, \u00e0 d\u00e9faut pour les membres stagiaires, une d\u00e9termination \u00e0 l&rsquo;acqu\u00e9rir sous la direction du tuteur qui leur a \u00e9t\u00e9 attribu\u00e9.<\/b><\/li><br>\n<\/ul>\n<p class=\"p1\"><b>Pour \u00eatre admis, les membres de la Compagnie font l&rsquo;objet d&rsquo;une \u00e9valuation par leurs pairs avant que leur candidature soit agr\u00e9\u00e9e par le Conseil d&rsquo;administration. Leurs comp\u00e9tences sont appr\u00e9ci\u00e9es dans chacun des<\/b> <b>domaines suivants au sein m\u00eame de la fili\u00e8re:<\/b><\/p>\n\n<ul class=\"ul1\">\n \t<li class=\"li1\"><b>courses de galop et valeur des Pur-sang,<\/b><\/li>\n \t<li class=\"li1\"><b>courses d&rsquo;AQPS et valeur de ceux-ci,<\/b><\/li>\n \t<li class=\"li1\"><b>courses de trot et valeur des trotteurs,<\/b><\/li>\n \t<li class=\"li1\"><b>races asines,<\/b><\/li>\n \t<li class=\"li1\"><b>organisation des comp\u00e9titions \u00e9questres,<\/b><\/li>\n \t<li class=\"li1\"><b>enseignement et pratique de l&rsquo;\u00e9quitation,<\/b><\/li>\n \t<li class=\"li1\"><b>valeur des chevaux de sport et de loisir,<\/b><\/li>\n \t<li class=\"li1\"><b>m\u00e9decine et chirurgie \u00e9quine,<\/b><\/li>\n \t<li class=\"li1\"><b>\u00e9levage et reproduction \u00e9quines.<\/b><\/li><br>\n<\/ul>\n<p class=\"p1\"><b>La CNEE tient r\u00e9guli\u00e8rement \u00e0 jour la liste qui vous est propos\u00e9e dans ce site. Elle assure en outre la formation continue de ses membres gr\u00e2ce notamment \u00e0 son s\u00e9minaire annuel.<\/b><\/p>\n<p class=\"p1\"><b>Enfin, la CNEE met \u00e0 votre disposition ses productions, publications r\u00e9sultant d&rsquo;un consensus entre ses membres.<\/b><\/p>\t\t\t\t\t<\/div>\n\t\t\t\t\t\t<\/div>\n\t\t\t\t<\/div>\n\t\t\t\t\t\t<\/div>\n\t\t\t\t\t<\/div>\n\t\t<\/div>\n\t\t\t\t\t\t\t\t<\/div>\n\t\t\t\t\t<\/div>\n\t\t<\/section>\n\t\t\t\t<section class=\"elementor-section elementor-top-section elementor-element elementor-element-8035130 elementor-section-boxed elementor-section-height-default elementor-section-height-default\" data-id=\"8035130\" data-element_type=\"section\">\n\t\t\t\t\t\t<div class=\"elementor-container elementor-column-gap-default\">\n\t\t\t\t\t\t\t<div class=\"elementor-row\">\n\t\t\t\t\t<div class=\"elementor-column elementor-col-100 elementor-top-column elementor-element elementor-element-2d7ab3e\" data-id=\"2d7ab3e\" data-element_type=\"column\">\n\t\t\t<div class=\"elementor-column-wrap elementor-element-populated\">\n\t\t\t\t\t\t\t<div class=\"elementor-widget-wrap\">\n\t\t\t\t\t\t<div class=\"elementor-element elementor-element-c857f8c elementor-align-center elementor-widget elementor-widget-button\" data-id=\"c857f8c\" data-element_type=\"widget\" data-widget_type=\"button.default\">\n\t\t\t\t<div class=\"elementor-widget-container\">\n\t\t\t\t\t<div class=\"elementor-button-wrapper\">\n\t\t\t<a href=\"http:\/\/www.experts-equins.org\/?page_id=47\" class=\"elementor-button-link elementor-button elementor-size-md\" role=\"button\">\n\t\t\t\t\t\t<span class=\"elementor-button-content-wrapper\">\n\t\t\t\t\t\t\t<span class=\"elementor-button-icon elementor-align-icon-left\">\n\t\t\t\t<i aria-hidden=\"true\" class=\"fas fa-search\"><\/i>\t\t\t<\/span>\n\t\t\t\t\t\t<span class=\"elementor-button-text\">Trouvez votre expert<\/span>\n\t\t<\/span>\n\t\t\t\t\t<\/a>\n\t\t<\/div>\n\t\t\t\t<\/div>\n\t\t\t\t<\/div>\n\t\t\t\t\t\t<\/div>\n\t\t\t\t\t<\/div>\n\t\t<\/div>\n\t\t\t\t\t\t\t\t<\/div>\n\t\t\t\t\t<\/div>\n\t\t<\/section>\n\t\t\t\t\t\t\t\t\t<\/div>\n\t\t\t<\/div>\n\t\t\t\t\t<\/div>\n\t\t","protected":false},"excerpt":{"rendered":"<p>BIENVENUE SUR NOTRE SITE Les caract\u00e9ristiques des fili\u00e8res animales sont tr\u00e8s sensiblement diff\u00e9rentes tant en ce qui concerne la biologie, la pathologie que la sociologie. Ainsi, on imagine mal que quiconque puisse suffisamment connaitre le domaine des animaux de compagnie, celui des animaux de rente ou bien encore celui des \u00e9quid\u00e9s pour \u00eatre v\u00e9ritablement expert [&hellip;]<\/p>\n","protected":false},"author":1,"featured_media":0,"parent":0,"menu_order":0,"comment_status":"closed","ping_status":"closed","template":"elementor_header_footer","meta":[],"_links":{"self":[{"href":"http:\/\/www.experts-equins.org\/index.php?rest_route=\/wp\/v2\/pages\/18"}],"collection":[{"href":"http:\/\/www.experts-equins.org\/index.php?rest_route=\/wp\/v2\/pages"}],"about":[{"href":"http:\/\/www.experts-equins.org\/index.php?rest_route=\/wp\/v2\/types\/page"}],"author":[{"embeddable":true,"href":"http:\/\/www.experts-equins.org\/index.php?rest_route=\/wp\/v2\/users\/1"}],"replies":[{"embeddable":true,"href":"http:\/\/www.experts-equins.org\/index.php?rest_route=%2Fwp%2Fv2%2Fcomments&post=18"}],"version-history":[{"count":18,"href":"http:\/\/www.experts-equins.org\/index.php?rest_route=\/wp\/v2\/pages\/18\/revisions"}],"predecessor-version":[{"id":400,"href":"http:\/\/www.experts-equins.org\/index.php?rest_route=\/wp\/v2\/pages\/18\/revisions\/400"}],"wp:attachment":[{"href":"http:\/\/www.experts-equins.org\/index.php?rest_route=%2Fwp%2Fv2%2Fmedia&parent=18"}],"curies":[{"name":"wp","href":"https:\/\/api.w.org\/{rel}","templated":true}]}}