{"id":113,"date":"2020-10-16T14:17:08","date_gmt":"2020-10-16T12:17:08","guid":{"rendered":"http:\/\/www.experts-equins.org\/?page_id=113"},"modified":"2020-10-26T09:40:49","modified_gmt":"2020-10-26T08:40:49","slug":"mentions-legales","status":"publish","type":"page","link":"http:\/\/www.experts-equins.org\/?page_id=113","title":{"rendered":"Mentions L\u00e9gales"},"content":{"rendered":"\t\t<div data-elementor-type=\"wp-page\" data-elementor-id=\"113\" class=\"elementor elementor-113\">\n\t\t\t\t\t\t<div class=\"elementor-inner\">\n\t\t\t\t<div class=\"elementor-section-wrap\">\n\t\t\t\t\t\t\t\t\t<section class=\"elementor-section elementor-top-section elementor-element elementor-element-6370dd29 elementor-section-boxed elementor-section-height-default elementor-section-height-default\" data-id=\"6370dd29\" data-element_type=\"section\">\n\t\t\t\t\t\t<div class=\"elementor-container elementor-column-gap-default\">\n\t\t\t\t\t\t\t<div class=\"elementor-row\">\n\t\t\t\t\t<div class=\"elementor-column elementor-col-100 elementor-top-column elementor-element elementor-element-399b36dd\" data-id=\"399b36dd\" data-element_type=\"column\">\n\t\t\t<div class=\"elementor-column-wrap elementor-element-populated\">\n\t\t\t\t\t\t\t<div class=\"elementor-widget-wrap\">\n\t\t\t\t\t\t<div class=\"elementor-element elementor-element-25fefec3 elementor-widget elementor-widget-text-editor\" data-id=\"25fefec3\" data-element_type=\"widget\" data-widget_type=\"text-editor.default\">\n\t\t\t\t<div class=\"elementor-widget-container\">\n\t\t\t\t\t\t\t\t<div class=\"elementor-text-editor elementor-clearfix\">\n\t\t\t\t<p><!-- wp:paragraph --><\/p>\n<p>Conform\u00e9ment aux dispositions de l\u2019article 6 de la loi n\u00b0 2004-575 du 21 juin 2004 pour la confiance dans l\u2019\u00e9conomie num\u00e9rique, nous vous informons que : Le site internet www.experts-equins.org est \u00e9dit\u00e9 par : la Compagnie Nationale des Experts Equins, association loi 1901.<br>Si\u00e8ge administratif : La source \u2013 69620 FRONTENAS&nbsp;<br>T\u00e9l\u00e9phone : +33 4 74 71 64 80 \u2013<br>Email : experts-cnee@wanadoo.fr<br>Le directeur de la publication du site web www.experts-equins.org est Jean-Fran\u00e7ois Chary.<br>Le site www.experts-equins.org est h\u00e9berg\u00e9 par VetAgro Sup, 1 Avenue Bourgelat, 69280 Marcy-l\u2019\u00c9toile<\/p>\n<p><!-- \/wp:paragraph --><\/p>\t\t\t\t\t<\/div>\n\t\t\t\t\t\t<\/div>\n\t\t\t\t<\/div>\n\t\t\t\t\t\t<\/div>\n\t\t\t\t\t<\/div>\n\t\t<\/div>\n\t\t\t\t\t\t\t\t<\/div>\n\t\t\t\t\t<\/div>\n\t\t<\/section>\n\t\t\t\t\t\t\t\t\t<\/div>\n\t\t\t<\/div>\n\t\t\t\t\t<\/div>\n\t\t","protected":false},"excerpt":{"rendered":"<p>Conform\u00e9ment aux dispositions de l\u2019article 6 de la loi n\u00b0 2004-575 du 21 juin 2004 pour la confiance dans l\u2019\u00e9conomie num\u00e9rique, nous vous informons que : Le site internet www.experts-equins.org est \u00e9dit\u00e9 par : la Compagnie Nationale des Experts Equins, association loi 1901.Si\u00e8ge administratif : La source \u2013 69620 FRONTENAS&nbsp;T\u00e9l\u00e9phone : +33 4 74 71 [&hellip;]<\/p>\n","protected":false},"author":1,"featured_media":0,"parent":0,"menu_order":0,"comment_status":"closed","ping_status":"closed","template":"","meta":[],"_links":{"self":[{"href":"http:\/\/www.experts-equins.org\/index.php?rest_route=\/wp\/v2\/pages\/113"}],"collection":[{"href":"http:\/\/www.experts-equins.org\/index.php?rest_route=\/wp\/v2\/pages"}],"about":[{"href":"http:\/\/www.experts-equins.org\/index.php?rest_route=\/wp\/v2\/types\/page"}],"author":[{"embeddable":true,"href":"http:\/\/www.experts-equins.org\/index.php?rest_route=\/wp\/v2\/users\/1"}],"replies":[{"embeddable":true,"href":"http:\/\/www.experts-equins.org\/index.php?rest_route=%2Fwp%2Fv2%2Fcomments&post=113"}],"version-history":[{"count":5,"href":"http:\/\/www.experts-equins.org\/index.php?rest_route=\/wp\/v2\/pages\/113\/revisions"}],"predecessor-version":[{"id":205,"href":"http:\/\/www.experts-equins.org\/index.php?rest_route=\/wp\/v2\/pages\/113\/revisions\/205"}],"wp:attachment":[{"href":"http:\/\/www.experts-equins.org\/index.php?rest_route=%2Fwp%2Fv2%2Fmedia&parent=113"}],"curies":[{"name":"wp","href":"https:\/\/api.w.org\/{rel}","templated":true}]}}